{"id":1362,"date":"2025-06-12T13:41:50","date_gmt":"2025-06-12T10:41:50","guid":{"rendered":"https:\/\/gruppofarms.com\/?page_id=1362"},"modified":"2025-06-30T06:55:01","modified_gmt":"2025-06-30T03:55:01","slug":"politique-de-confidentialite","status":"publish","type":"page","link":"https:\/\/gruppofarms.com\/fr\/%cf%80%ce%bf%ce%bb%ce%b9%cf%84%ce%b9%ce%ba%ce%ae-%ce%b1%cf%80%ce%bf%cf%81%cf%81%ce%ae%cf%84%ce%bf%cf%85\/","title":{"rendered":"Politique de confidentialit\u00e9"},"content":{"rendered":"<section class=\"wp-block-greenshift-blocks-row alignfull gspb_row gspb_row-id-gsbp-bff27b4\" id=\"gspb_row-id-gsbp-bff27b4\"><div class=\"gspb_row__content\"> \n<div class=\"wp-block-greenshift-blocks-row-column gspb_row__col--12 gspb_col-id-gsbp-66927e7\" id=\"gspb_col-id-gsbp-66927e7\">\n<h1 id=\"gspb_heading-id-gsbp-de38cd1\" class=\"gspb_heading gspb_heading-id-gsbp-de38cd1\">Politique de confidentialit\u00e9<\/h1>\n<\/div>\n <\/div><\/section>\n\n\n\n<div class=\"wp-block-greenshift-blocks-row gspb_row gspb_row-id-gsbp-ed2de36\" id=\"gspb_row-id-gsbp-ed2de36\"><div class=\"gspb_row__content\"> \n<div class=\"wp-block-greenshift-blocks-row-column gspb_row__col--12 gspb_col-id-gsbp-2984a01\" id=\"gspb_col-id-gsbp-2984a01\">\n<p class=\"has-palette-color-4-color has-text-color has-link-color wp-elements-566ba4f31da7030562d1a5c3d6d2e3f3\">La protection de vos donn\u00e9es personnelles est pour nous, GRUPPOFARMS I.K.E., une priorit\u00e9 fondamentale et une partie int\u00e9grante de notre philosophie de fonctionnement. La pr\u00e9sente politique de confidentialit\u00e9 d\u00e9crit la mani\u00e8re dont nous collectons, utilisons, traitons et prot\u00e9geons les donn\u00e9es personnelles des visiteurs et des utilisateurs de notre site web, conform\u00e9ment au r\u00e8glement g\u00e9n\u00e9ral sur la protection des donn\u00e9es (UE) 2016\/679 (GDPR) et \u00e0 la l\u00e9gislation grecque pertinente. En acc\u00e9dant \u00e0 notre site web et en l'utilisant, vous d\u00e9clarez avoir lu, compris et accept\u00e9 inconditionnellement la pr\u00e9sente Politique de confidentialit\u00e9, ainsi que toute mise \u00e0 jour pertinente qui pourrait \u00eatre effectu\u00e9e \u00e0 l'avenir.<\/p>\n\n\n\n<p class=\"has-palette-color-4-color has-text-color has-link-color wp-elements-72ef3d1dc72d8eb0aec5838f02cb56ae\">Le responsable du traitement des donn\u00e9es personnelles est GRUPPOFARMS I.K.E., bas\u00e9 en Gr\u00e8ce, num\u00e9ro de TVA 802833763, bureau des imp\u00f4ts de Kastoria, num\u00e9ro de t\u00e9l\u00e9phone de contact 6939509967. Nous sommes responsables de la collecte, du stockage, de la gestion et du traitement des donn\u00e9es que vous nous fournissez ou qui sont automatiquement collect\u00e9es lorsque vous naviguez sur notre site web.<\/p>\n\n\n\n<p class=\"has-palette-color-4-color has-text-color has-link-color wp-elements-436c47bfd531e21c052cb81feafbece4\">Lors de la visite et\/ou de l'utilisation de notre site web, diff\u00e9rents types de donn\u00e9es personnelles peuvent \u00eatre collect\u00e9s. Il s'agit de donn\u00e9es que vous nous fournissez volontairement, par exemple lorsque vous remplissez notre formulaire de contact ou que vous vous abonnez \u00e0 des bulletins d'information, et de donn\u00e9es collect\u00e9es automatiquement, telles que votre adresse IP, le type et les param\u00e8tres de votre appareil ou navigateur, les pages que vous visitez, la date et l'heure de votre acc\u00e8s, et des informations sur la mani\u00e8re dont vous interagissez avec notre site web. Ces donn\u00e9es nous aident \u00e0 mieux comprendre comment vous utilisez le site web et \u00e0 am\u00e9liorer continuellement nos services et notre contenu.<\/p>\n\n\n\n<p class=\"has-palette-color-4-color has-text-color has-link-color wp-elements-3122f455dd2506b71333b0638135d1ae\">Pour atteindre les objectifs susmentionn\u00e9s, nous utilisons des cookies et des technologies connexes. Les cookies sont de petits fichiers texte qui sont stock\u00e9s sur votre appareil lorsque vous visitez notre site web. Nous utilisons des cookies essentiels pour le fonctionnement technique du site web, des cookies statistiques pour collecter des informations anonymes relatives \u00e0 l'utilisation du site web, et des cookies de pr\u00e9f\u00e9rence qui stockent vos pr\u00e9f\u00e9rences (telles que la langue d'affichage). Les donn\u00e9es collect\u00e9es par les cookies sont anonymes et ne permettent pas d'identifier le visiteur, tout en nous permettant d'analyser les tendances d'utilisation, d'identifier d'\u00e9ventuels dysfonctionnements et d'am\u00e9liorer l'exp\u00e9rience globale de navigation.<\/p>\n\n\n\n<p class=\"has-palette-color-4-color has-text-color has-link-color wp-elements-d15da839a8490562739ef421a598608a\">Google Analytics est un service d'analyse du trafic Internet fourni par Google LLC. Gr\u00e2ce \u00e0 Google Analytics, des informations telles que l'adresse IP (qui peut \u00eatre anonymis\u00e9e), le type d'appareil et de navigateur, les pages visit\u00e9es par l'utilisateur, le temps pass\u00e9 sur celles-ci, les clics et autres interactions avec le site web sont enregistr\u00e9es. Ces donn\u00e9es sont stock\u00e9es sur les serveurs de Google au sein ou en dehors de l'Union europ\u00e9enne, mais toujours en conformit\u00e9 avec le GDPR, conform\u00e9ment aux r\u00e9glementations que nous appliquons. Les donn\u00e9es collect\u00e9es par Google Analytics ne sont pas transmises ou associ\u00e9es aux informations personnelles de l'utilisateur saisies sur le site web, ni utilis\u00e9es pour l'identification directe ou le profilage.<\/p>\n\n\n\n<p class=\"has-palette-color-4-color has-text-color has-link-color wp-elements-1e67cebf421f40683d940c9f2a324c1f\">Microsoft Clarity enregistre et analyse de mani\u00e8re anonyme les comportements d'utilisation, tels que les mouvements de souris, les clics, le d\u00e9filement et d'autres interactions avec le site web, ce qui nous aide \u00e0 am\u00e9liorer la convivialit\u00e9, la fonctionnalit\u00e9 et l'efficacit\u00e9 de nos pages. De m\u00eame, les donn\u00e9es sont collect\u00e9es de mani\u00e8re anonyme et sont utilis\u00e9es uniquement \u00e0 des fins d'analyse et d'am\u00e9lioration des services, sans permettre l'identification d'individus sp\u00e9cifiques.<\/p>\n\n\n\n<p class=\"has-palette-color-4-color has-text-color has-link-color wp-elements-e1e06eaa343782a99649f6828b77733b\">La plupart des navigateurs web offrent la possibilit\u00e9 de d\u00e9finir des pr\u00e9f\u00e9rences concernant les cookies. Vous pouvez configurer votre navigateur de mani\u00e8re \u00e0 ce qu'il accepte, rejette ou vous avertisse chaque fois qu'un cookie est sur le point d'\u00eatre stock\u00e9 sur votre appareil. Si vous choisissez de d\u00e9sactiver tout ou partie des cookies, il se peut que vous ne puissiez pas profiter pleinement de certaines fonctionnalit\u00e9s de notre site web et que votre exp\u00e9rience de navigation soit diff\u00e9rente.<\/p>\n\n\n\n<p class=\"has-palette-color-4-color has-text-color has-link-color wp-elements-dba2b238bd19dc439b9e48b2472777f0\">Les donn\u00e9es personnelles que vous nous fournissez ou qui sont collect\u00e9es par le biais des m\u00e9canismes susmentionn\u00e9s sont utilis\u00e9es exclusivement aux fins pour lesquelles elles ont \u00e9t\u00e9 collect\u00e9es et ne sont pas transmises \u00e0 des tiers, sauf si la loi l'exige ou si cela est n\u00e9cessaire pour prot\u00e9ger les int\u00e9r\u00eats l\u00e9gitimes de notre soci\u00e9t\u00e9. En particulier, nous utilisons ces donn\u00e9es pour r\u00e9pondre \u00e0 vos demandes, pour am\u00e9liorer les services et le contenu du site web, pour assurer le respect des exigences l\u00e9gales et r\u00e9glementaires et pour prot\u00e9ger les droits et la s\u00e9curit\u00e9 de l'entreprise, de nos clients et du public.<\/p>\n\n\n\n<p class=\"has-palette-color-4-color has-text-color has-link-color wp-elements-b2a5fbb0daea1872d704f55ae85ba33c\">La s\u00e9curit\u00e9 de vos donn\u00e9es est une priorit\u00e9 absolue pour nous. Nous avons adopt\u00e9 des mesures de s\u00e9curit\u00e9 techniques et organisationnelles appropri\u00e9es pour pr\u00e9venir la perte, l'utilisation abusive, l'acc\u00e8s non autoris\u00e9, la divulgation, l'alt\u00e9ration ou la destruction de vos donn\u00e9es \u00e0 caract\u00e8re personnel. \u00c0 titre indicatif, nous mettons en \u0153uvre des pratiques de restriction d'acc\u00e8s, de cryptage si n\u00e9cessaire, des mises \u00e0 jour r\u00e9guli\u00e8res des logiciels et des proc\u00e9dures de r\u00e9cup\u00e9ration des donn\u00e9es, et nous formons r\u00e9guli\u00e8rement notre personnel aux questions de protection des donn\u00e9es et de s\u00e9curit\u00e9 de l'information.<\/p>\n\n\n\n<p class=\"has-palette-color-4-color has-text-color has-link-color wp-elements-cba27f42aae3b9be747a916b8c0c366b\">En vertu du r\u00e8glement g\u00e9n\u00e9ral sur la protection des donn\u00e9es (RGPD), vous disposez d'un certain nombre de droits concernant vos donn\u00e9es \u00e0 caract\u00e8re personnel que nous d\u00e9tenons et traitons. Vous avez le droit de savoir quelles donn\u00e9es nous d\u00e9tenons \u00e0 votre sujet, de demander leur rectification ou leur effacement, de restreindre leur traitement ou de vous y opposer, et de demander le transfert de vos donn\u00e9es \u00e0 un autre responsable du traitement (portabilit\u00e9). Si vous avez donn\u00e9 votre consentement \u00e0 la collecte et \u00e0 l'utilisation des donn\u00e9es, vous avez le droit de le retirer \u00e0 tout moment, sans pr\u00e9judice de la l\u00e9galit\u00e9 du traitement fond\u00e9 sur le consentement avant son retrait. Pour exercer vos droits, il vous suffit de nous contacter par e-mail <a>info@gruppofarms.gr<\/a> ou le num\u00e9ro de t\u00e9l\u00e9phone de contact que vous trouverez sur la page \"Contactez-nous\". Nous pouvons vous demander de prouver votre identit\u00e9 afin de garantir la s\u00e9curit\u00e9 de vos donn\u00e9es.<\/p>\n\n\n\n<p class=\"has-palette-color-4-color has-text-color has-link-color wp-elements-550e3a7be5b2a30635e57967110ad1e0\">Les donn\u00e9es \u00e0 caract\u00e8re personnel ne sont conserv\u00e9es que pendant la dur\u00e9e n\u00e9cessaire \u00e0 la r\u00e9alisation des finalit\u00e9s pour lesquelles elles ont \u00e9t\u00e9 collect\u00e9es, et\/ou conform\u00e9ment \u00e0 la l\u00e9gislation applicable. \u00c0 la fin de la p\u00e9riode de conservation n\u00e9cessaire, les donn\u00e9es sont supprim\u00e9es en toute s\u00e9curit\u00e9 ou rendues anonymes.<\/p>\n\n\n\n<p class=\"has-palette-color-4-color has-text-color has-link-color wp-elements-40722398096dee30b6d5e7a82f1f4681\">Notre soci\u00e9t\u00e9 se r\u00e9serve le droit de r\u00e9viser, modifier ou mettre \u00e0 jour cette politique de confidentialit\u00e9 \u00e0 tout moment pour se conformer aux changements de la l\u00e9gislation pertinente ou des services que nous offrons. Les modifications entrent en vigueur d\u00e8s leur publication sur cette page. Nous vous encourageons donc \u00e0 consulter r\u00e9guli\u00e8rement la pr\u00e9sente politique de confidentialit\u00e9 pour prendre connaissance des mises \u00e0 jour ou des modifications. La poursuite de la navigation sur le site apr\u00e8s une telle modification implique l'acceptation de la politique r\u00e9vis\u00e9e.<\/p>\n\n\n\n<p class=\"has-palette-color-4-color has-text-color has-link-color wp-elements-856cb6d863f3bf10d6e35db7b7e01265\">Pour toute question, clarification ou demande concernant la pr\u00e9sente politique de confidentialit\u00e9 ou la mani\u00e8re dont nous traitons vos donn\u00e9es \u00e0 caract\u00e8re personnel, vous pouvez contacter notre d\u00e9l\u00e9gu\u00e9 \u00e0 la protection des donn\u00e9es \u00e0 l'adresse \u00e9lectronique suivante <a>info@gruppofarms.gr<\/a> ou par t\u00e9l\u00e9phone \u00e0 l'adresse 6939509967. Si vous estimez que le traitement de vos donn\u00e9es personnelles viole le cadre juridique applicable, vous avez le droit de d\u00e9poser une plainte aupr\u00e8s de l'Autorit\u00e9 de protection des donn\u00e9es (<a class=\"\" href=\"http:\/\/www.dpa.gr\" target=\"_blank\" rel=\"noopener\">www.dpa.gr<\/a>).<\/p>\n\n\n\n<p class=\"has-palette-color-4-color has-text-color has-link-color wp-elements-1f837d7dd4d9162f4773c05af81fe3c8\">L'utilisation du site web implique l'acceptation de la pr\u00e9sente politique de confidentialit\u00e9, telle qu'elle est en vigueur de temps \u00e0 autre. Notre objectif est d'assurer le plus haut niveau de s\u00e9curit\u00e9 et de transparence dans la gestion de vos donn\u00e9es, en agissant toujours dans le respect de nos visiteurs, clients et partenaires. Nous sommes \u00e0 votre disposition pour toute question ou demande concernant vos donn\u00e9es, ainsi que pour la satisfaction rapide et efficace de vos droits en vertu de la loi.<\/p>\n<\/div>\n <\/div><\/div>","protected":false},"excerpt":{"rendered":"","protected":false},"author":1,"featured_media":0,"parent":0,"menu_order":0,"comment_status":"closed","ping_status":"closed","template":"","meta":{"_gspb_post_css":"#gspb_row-id-gsbp-bff27b4{justify-content:space-between;margin-bottom:0;display:flex;flex-wrap:wrap;margin-top:-60px;min-height:342px;background-color:var(--wp--preset--color--palette-color-4, var(--theme-palette-color-4, #080C0E))}#gspb_row-id-gsbp-bff27b4>.gspb_row__content{display:flex;justify-content:space-between;margin:0 auto;width:100%;flex-wrap:wrap}.gspb_row{position:relative}div[id^=gspb_col-id]{box-sizing:border-box;position:relative;padding:var(--gs-row-column-padding, 15px min(3vw, 20px))}#gspb_col-id-gsbp-66927e7.gspb_row__col--12{width:100%}@media (max-width:575.98px){#gspb_col-id-gsbp-66927e7.gspb_row__col--12{width:100%}}body #gspb_col-id-gsbp-66927e7.gspb_row__col--12{display:flex;flex-direction:column;justify-content:center}#gspb_heading-id-gsbp-de38cd1,#gspb_heading-id-gsbp-de38cd1 .gsap-g-line{text-align:center!important}#gspb_heading-id-gsbp-de38cd1{color:var(--wp--preset--color--palette-color-5, var(--theme-palette-color-5, #e1e8ed))}#gspb_row-id-gsbp-ed2de36{justify-content:space-between;display:flex;flex-wrap:wrap;margin-top:80px;margin-bottom:80px}#gspb_row-id-gsbp-ed2de36>.gspb_row__content{display:flex;justify-content:space-between;margin:0 auto;width:100%;flex-wrap:wrap}body.gspb-bodyfront #gspb_row-id-gsbp-bff27b4>.gspb_row__content,body.gspb-bodyfront #gspb_row-id-gsbp-ed2de36>.gspb_row__content{width:var(--theme-container-width, 1200px);max-width:var(--theme-normal-container-max-width, 1200px)}#gspb_col-id-gsbp-2984a01.gspb_row__col--12{width:100%}@media (max-width:575.98px){#gspb_col-id-gsbp-2984a01.gspb_row__col--12{width:100%}}","footnotes":""},"class_list":["post-1362","page","type-page","status-publish","hentry"],"blocksy_meta":[],"_links":{"self":[{"href":"https:\/\/gruppofarms.com\/fr\/wp-json\/wp\/v2\/pages\/1362","targetHints":{"allow":["GET"]}}],"collection":[{"href":"https:\/\/gruppofarms.com\/fr\/wp-json\/wp\/v2\/pages"}],"about":[{"href":"https:\/\/gruppofarms.com\/fr\/wp-json\/wp\/v2\/types\/page"}],"author":[{"embeddable":true,"href":"https:\/\/gruppofarms.com\/fr\/wp-json\/wp\/v2\/users\/1"}],"replies":[{"embeddable":true,"href":"https:\/\/gruppofarms.com\/fr\/wp-json\/wp\/v2\/comments?post=1362"}],"version-history":[{"count":0,"href":"https:\/\/gruppofarms.com\/fr\/wp-json\/wp\/v2\/pages\/1362\/revisions"}],"wp:attachment":[{"href":"https:\/\/gruppofarms.com\/fr\/wp-json\/wp\/v2\/media?parent=1362"}],"curies":[{"name":"wp","href":"https:\/\/api.w.org\/{rel}","templated":true}]}}