{"id":1360,"date":"2025-06-12T13:41:33","date_gmt":"2025-06-12T10:41:33","guid":{"rendered":"https:\/\/gruppofarms.com\/?page_id=1360"},"modified":"2025-06-30T06:49:09","modified_gmt":"2025-06-30T03:49:09","slug":"conditions-dutilisation","status":"publish","type":"page","link":"https:\/\/gruppofarms.com\/fr\/%cf%8c%cf%81%ce%bf%ce%b9-%cf%87%cf%81%ce%ae%cf%83%ce%b7%cf%82\/","title":{"rendered":"Conditions d'utilisation"},"content":{"rendered":"<section class=\"wp-block-greenshift-blocks-row alignfull gspb_row gspb_row-id-gsbp-2cd04aa\" id=\"gspb_row-id-gsbp-2cd04aa\"><div class=\"gspb_row__content\"> \n<div class=\"wp-block-greenshift-blocks-row-column gspb_row__col--12 gspb_col-id-gsbp-91d2770\" id=\"gspb_col-id-gsbp-91d2770\">\n<h1 id=\"gspb_heading-id-gsbp-a906a11\" class=\"gspb_heading gspb_heading-id-gsbp-a906a11\">Conditions d'utilisation<\/h1>\n<\/div>\n <\/div><\/section>\n\n\n\n<div class=\"wp-block-greenshift-blocks-row gspb_row gspb_row-id-gsbp-f77e448\" id=\"gspb_row-id-gsbp-f77e448\"><div class=\"gspb_row__content\"> \n<div class=\"wp-block-greenshift-blocks-row-column gspb_row__col--12 gspb_col-id-gsbp-5bf6aa7\" id=\"gspb_col-id-gsbp-5bf6aa7\">\n<div id=\"gspb_text-id-gsbp-264c00e\" class=\"gspb_text gspb_text-id-gsbp-264c00e\">Le pr\u00e9sent site web (ci-apr\u00e8s d\u00e9nomm\u00e9 le \"site web\") est la propri\u00e9t\u00e9 de GRUPPOFARMS I.K.E. (ci-apr\u00e8s d\u00e9nomm\u00e9e la \"soci\u00e9t\u00e9\"), bas\u00e9e en Gr\u00e8ce, et concerne la promotion, l'information et la promotion de services de commercialisation de fruits et de produits agricoles. En acc\u00e9dant au site web et en l'utilisant, le visiteur\/utilisateur (ci-apr\u00e8s d\u00e9nomm\u00e9 \"l'utilisateur\") accepte pleinement et sans r\u00e9serve les pr\u00e9sentes conditions d'utilisation, qu'il est invit\u00e9 \u00e0 lire attentivement. S'il n'est pas d'accord avec l'une des conditions, il doit imm\u00e9diatement cesser d'utiliser le site web.<\/div>\n\n\n\n<h2 id=\"gspb_heading-id-gsbp-f499603\" class=\"gspb_heading gspb_heading-id-gsbp-f499603\">Utilisation du site web<\/h2>\n\n\n\n<div id=\"gspb_text-id-gsbp-f4bd957\" class=\"gspb_text gspb_text-id-gsbp-f4bd957\">L'utilisation du site web est autoris\u00e9e exclusivement \u00e0 des fins licites et d'une mani\u00e8re qui ne viole pas la l\u00e9gislation applicable, les droits des tiers ou les int\u00e9r\u00eats de la soci\u00e9t\u00e9. L'utilisateur s'engage \u00e0 utiliser le site Web conform\u00e9ment aux pr\u00e9sentes conditions g\u00e9n\u00e9rales, en toute bonne foi et conform\u00e9ment aux bonnes m\u0153urs. Tout acte ou omission susceptible de causer des dommages, des dysfonctionnements ou d'entraver l'utilisation ou la disponibilit\u00e9 du site web pour d'autres utilisateurs, tels que, mais sans s'y limiter, l'introduction de logiciels malveillants, la violation de la s\u00e9curit\u00e9 du syst\u00e8me ou l'extraction de grandes quantit\u00e9s de donn\u00e9es par des moyens automatis\u00e9s, est interdit. La soci\u00e9t\u00e9 se r\u00e9serve le droit de r\u00e9silier ou de restreindre, temporairement ou d\u00e9finitivement, l'acc\u00e8s au site web \u00e0 tout utilisateur qui enfreint les pr\u00e9sentes conditions ou les r\u00e8gles de droit.<\/div>\n\n\n\n<h2 id=\"gspb_heading-id-gsbp-c0eb0e5\" class=\"gspb_heading gspb_heading-id-gsbp-c0eb0e5\">Propri\u00e9t\u00e9 intellectuelle<\/h2>\n\n\n\n<div id=\"gspb_text-id-gsbp-b0df4ca\" class=\"gspb_text gspb_text-id-gsbp-b0df4ca\">L'ensemble du contenu du site Web, y compris, mais sans s'y limiter, le texte, les logos, les images, les photographies, les graphiques, les dessins, les marques, les titres distinctifs et tout autre \u00e9l\u00e9ment, est la propri\u00e9t\u00e9 intellectuelle et industrielle de la soci\u00e9t\u00e9 et\/ou de tiers qui ont accord\u00e9 une licence \u00e0 cet effet. La reproduction, la distribution, la modification, la pr\u00e9sentation au public, la transmission, le stockage, la cession et\/ou toute autre utilisation du contenu, en tout ou en partie, sont interdits sans l'autorisation \u00e9crite pr\u00e9alable de l'entreprise ou des propri\u00e9taires l\u00e9gaux. Une exception est le stockage temporaire ou la copie d'une partie du contenu pour un usage personnel et non commercial, \u00e0 condition que les droits de propri\u00e9t\u00e9 intellectuelle ne soient pas affect\u00e9s et que le caract\u00e8re ou l'origine du mat\u00e9riel ne soit pas alt\u00e9r\u00e9.<\/div>\n\n\n\n<h2 id=\"gspb_heading-id-gsbp-08336fe\" class=\"gspb_heading gspb_heading-id-gsbp-08336fe\">Limitation de la responsabilit\u00e9<\/h2>\n\n\n\n<div id=\"gspb_text-id-gsbp-fbf7713\" class=\"gspb_text gspb_text-id-gsbp-fbf7713\">La soci\u00e9t\u00e9 met tout en \u0153uvre pour garantir l'exactitude, l'actualit\u00e9 et la fiabilit\u00e9 du contenu du site web. Toutefois, le contenu est fourni \"en l'\u00e9tat\" et la soci\u00e9t\u00e9 ne donne aucune garantie, expresse ou implicite, quant \u00e0 l'exhaustivit\u00e9, l'exactitude, la disponibilit\u00e9, l'ad\u00e9quation ou l'utilit\u00e9 du contenu pour un usage particulier. L'utilisateur reconna\u00eet que l'utilisation du site web se fait \u00e0 ses risques et p\u00e9rils et que la soci\u00e9t\u00e9 n'est pas responsable des dommages directs ou indirects, des dommages cons\u00e9cutifs ou du manque \u00e0 gagner qui pourraient r\u00e9sulter de l'utilisation ou de l'impossibilit\u00e9 d'utiliser le site web, y compris, mais sans s'y limiter, les probl\u00e8mes d'acc\u00e8s, les interruptions, les erreurs, les omissions, les retards et\/ou les virus. La soci\u00e9t\u00e9 se r\u00e9serve le droit de modifier ou de suspendre temporairement ou d\u00e9finitivement le fonctionnement du site web, avec ou sans pr\u00e9avis, sans aucune responsabilit\u00e9 \u00e0 l'\u00e9gard des utilisateurs ou des tiers.<\/div>\n\n\n\n<h2 id=\"gspb_heading-id-gsbp-a2aa956\" class=\"gspb_heading gspb_heading-id-gsbp-a2aa956\">Fourniture d'informations - Bulletins d'information<\/h2>\n\n\n\n<div id=\"gspb_text-id-gsbp-d665748\" class=\"gspb_text gspb_text-id-gsbp-d665748\">Le site web peut fournir des informations sur les produits, les services, les pratiques commerciales, ainsi que des bulletins d'information, des articles, des annonces ou des promotions. Ces informations sont fournies \u00e0 titre informatif uniquement et ne constituent pas un engagement, une garantie ou une promesse de la part de la soci\u00e9t\u00e9 quant \u00e0 la disponibilit\u00e9, aux caract\u00e9ristiques ou aux propri\u00e9t\u00e9s des produits et des services. Chaque contrat ou commande de produits et services est r\u00e9gi par les conditions sp\u00e9cifiques convenues entre la soci\u00e9t\u00e9 et le client individuel. L'entreprise se r\u00e9serve le droit de modifier les caract\u00e9ristiques, les prix ou les services offerts \u00e0 tout moment et sans pr\u00e9avis.<\/div>\n\n\n\n<h2 id=\"gspb_heading-id-gsbp-3cf4bf9\" class=\"gspb_heading gspb_heading-id-gsbp-3cf4bf9\">Liens vers des sites web de tiers<\/h2>\n\n\n\n<div id=\"gspb_text-id-gsbp-a66c8de\" class=\"gspb_text gspb_text-id-gsbp-a66c8de\">Le site web peut contenir des liens vers d'autres sites web ou ressources qui n'appartiennent pas \u00e0 la soci\u00e9t\u00e9 et qui sont g\u00e9r\u00e9s par des tiers. Ces liens sont fournis uniquement pour la commodit\u00e9 des utilisateurs et la soci\u00e9t\u00e9 n'est pas responsable du contenu, de la s\u00e9curit\u00e9, de la disponibilit\u00e9, de l'exactitude ou de la l\u00e9galit\u00e9 de ces sites web. L'acc\u00e8s aux sites web de tiers rel\u00e8ve de la seule responsabilit\u00e9 de l'utilisateur et est soumis aux conditions d'utilisation respectives fix\u00e9es par les tiers.<\/div>\n\n\n\n<h2 id=\"gspb_heading-id-gsbp-a5d0663\" class=\"gspb_heading gspb_heading-id-gsbp-a5d0663\">Protection des donn\u00e9es personnelles<\/h2>\n\n\n\n<div id=\"gspb_text-id-gsbp-83c34d3\" class=\"gspb_text gspb_text-id-gsbp-83c34d3\">La Soci\u00e9t\u00e9 prend toutes les mesures techniques et organisationnelles appropri\u00e9es pour prot\u00e9ger les donn\u00e9es personnelles collect\u00e9es par le biais du Site Web, conform\u00e9ment \u00e0 la l\u00e9gislation sur la protection des donn\u00e9es personnelles (R\u00e8glement g\u00e9n\u00e9ral sur la protection des donn\u00e9es - RGPD). Les donn\u00e9es personnelles fournies par l'Utilisateur sont utilis\u00e9es exclusivement aux fins d\u00e9crites dans la Politique de confidentialit\u00e9 de la Soci\u00e9t\u00e9, qui fait partie int\u00e9grante des pr\u00e9sentes Conditions d'utilisation. L'Utilisateur dispose d'un droit d'acc\u00e8s, de rectification, de suppression et d'opposition \u00e0 l'utilisation de ses donn\u00e9es personnelles, conform\u00e9ment \u00e0 la l\u00e9gislation applicable. Pour plus d'informations sur la collecte et le traitement des donn\u00e9es \u00e0 caract\u00e8re personnel, l'Utilisateur est invit\u00e9 \u00e0 se r\u00e9f\u00e9rer \u00e0 la Politique de confidentialit\u00e9 du Site web.<\/div>\n\n\n\n<h2 id=\"gspb_heading-id-gsbp-9d70241\" class=\"gspb_heading gspb_heading-id-gsbp-9d70241\">Obligations et responsabilit\u00e9 de l'utilisateur<\/h2>\n\n\n\n<div id=\"gspb_text-id-gsbp-6c1e8c5\" class=\"gspb_text gspb_text-id-gsbp-6c1e8c5\">L'utilisateur est seul responsable de toute action qu'il effectue par l'interm\u00e9diaire du site web, ainsi que de l'exactitude, de la l\u00e9galit\u00e9 et de la justesse des donn\u00e9es et informations fournies. L'utilisateur s'abstient de toute utilisation ill\u00e9gale, abusive, frauduleuse, offensante ou trompeuse du site web. La soci\u00e9t\u00e9 se r\u00e9serve le droit de contr\u00f4ler, de suspendre ou de supprimer sans pr\u00e9avis les comptes ou les informations qui enfreignent les conditions d'utilisation ou la loi.<\/div>\n\n\n\n<h2 id=\"gspb_heading-id-gsbp-57ef679\" class=\"gspb_heading gspb_heading-id-gsbp-57ef679\">Modifications des conditions<\/h2>\n\n\n\n<div id=\"gspb_text-id-gsbp-c2b909a\" class=\"gspb_text gspb_text-id-gsbp-c2b909a\">La soci\u00e9t\u00e9 se r\u00e9serve le droit de modifier unilat\u00e9ralement et \u00e0 tout moment le contenu et\/ou les conditions d'utilisation du site web, en informant les utilisateurs par l'affichage des nouvelles conditions dans cette section et\/ou par l'envoi d'un avis pertinent, le cas \u00e9ch\u00e9ant. La poursuite de l'utilisation du site web apr\u00e8s les modifications constitue l'acceptation des nouvelles conditions d'utilisation. Il est conseill\u00e9 aux utilisateurs de v\u00e9rifier r\u00e9guli\u00e8rement le contenu des conditions d'utilisation pour s'assurer qu'elles n'ont pas \u00e9t\u00e9 modifi\u00e9es.<\/div>\n\n\n\n<h2 id=\"gspb_heading-id-gsbp-26f92e8\" class=\"gspb_heading gspb_heading-id-gsbp-26f92e8\">Droit applicable et juridiction<\/h2>\n\n\n\n<div id=\"gspb_text-id-gsbp-1553559\" class=\"gspb_text gspb_text-id-gsbp-1553559\">Les pr\u00e9sentes conditions d'utilisation sont r\u00e9gies par le droit grec. Pour tout litige relatif \u00e0 l'interpr\u00e9tation ou \u00e0 l'application des pr\u00e9sentes conditions et\/ou \u00e0 l'utilisation du site web, les tribunaux du si\u00e8ge de la soci\u00e9t\u00e9 sont exclusivement comp\u00e9tents.<\/div>\n\n\n\n<h2 id=\"gspb_heading-id-gsbp-512f61b\" class=\"gspb_heading gspb_heading-id-gsbp-512f61b\">Contact<\/h2>\n\n\n\n<div id=\"gspb_text-id-gsbp-b101a67\" class=\"gspb_text gspb_text-id-gsbp-b101a67\">Pour toute question, clarification ou demande concernant l'utilisation du site web et\/ou les droits et obligations d\u00e9coulant des pr\u00e9sentes conditions d'utilisation, l'utilisateur peut contacter la soci\u00e9t\u00e9 \u00e0 l'adresse \u00e9lectronique et\/ou au num\u00e9ro de t\u00e9l\u00e9phone indiqu\u00e9s sur la page \"Contactez-nous\" du site web.<\/div>\n<\/div>\n <\/div><\/div>","protected":false},"excerpt":{"rendered":"","protected":false},"author":1,"featured_media":0,"parent":0,"menu_order":0,"comment_status":"closed","ping_status":"closed","template":"","meta":{"_gspb_post_css":"#gspb_row-id-gsbp-2cd04aa{justify-content:space-between;margin-bottom:0;display:flex;flex-wrap:wrap;margin-top:-60px;overflow:hidden;min-height:340px;background-color:var(--wp--preset--color--palette-color-4, var(--theme-palette-color-4, #080C0E))}#gspb_row-id-gsbp-2cd04aa>.gspb_row__content{display:flex;justify-content:space-between;margin:0 auto;width:100%;flex-wrap:wrap}.gspb_row{position:relative}div[id^=gspb_col-id]{box-sizing:border-box;position:relative;padding:var(--gs-row-column-padding, 15px min(3vw, 20px))}#gspb_col-id-gsbp-91d2770.gspb_row__col--12{width:100%}@media (max-width:575.98px){#gspb_col-id-gsbp-91d2770.gspb_row__col--12{width:100%}}body #gspb_col-id-gsbp-91d2770.gspb_row__col--12{display:flex;flex-direction:column;justify-content:center}#gspb_heading-id-gsbp-a906a11,#gspb_heading-id-gsbp-a906a11 .gsap-g-line{text-align:center!important}#gspb_heading-id-gsbp-a906a11{color:var(--wp--preset--color--palette-color-5, var(--theme-palette-color-5, #e1e8ed))}#gspb_row-id-gsbp-f77e448{justify-content:space-between;display:flex;flex-wrap:wrap;margin-top:80px;margin-bottom:80px}#gspb_row-id-gsbp-f77e448>.gspb_row__content{display:flex;justify-content:space-between;margin:0 auto;width:100%;flex-wrap:wrap}body.gspb-bodyfront #gspb_row-id-gsbp-2cd04aa>.gspb_row__content,body.gspb-bodyfront #gspb_row-id-gsbp-f77e448>.gspb_row__content{width:var(--theme-container-width, 1200px);max-width:var(--theme-normal-container-max-width, 1200px)}#gspb_col-id-gsbp-5bf6aa7.gspb_row__col--12{width:100%}@media (max-width:575.98px){#gspb_col-id-gsbp-5bf6aa7.gspb_row__col--12{width:100%}}#gspb_heading-id-gsbp-f499603,#gspb_heading-id-gsbp-f499603 .gsap-g-line{text-align:left!important}#gspb_heading-id-gsbp-26f92e8,.gspb_text-id-gsbp-1553559,.gspb_text-id-gsbp-264c00e,.gspb_text-id-gsbp-6c1e8c5,.gspb_text-id-gsbp-83c34d3,.gspb_text-id-gsbp-a66c8de,.gspb_text-id-gsbp-b0df4ca,.gspb_text-id-gsbp-b101a67,.gspb_text-id-gsbp-c2b909a,.gspb_text-id-gsbp-d665748,.gspb_text-id-gsbp-f4bd957,.gspb_text-id-gsbp-fbf7713{color:var(--wp--preset--color--palette-color-4, var(--theme-palette-color-4, #080C0E))}","footnotes":""},"class_list":["post-1360","page","type-page","status-publish","hentry"],"blocksy_meta":[],"_links":{"self":[{"href":"https:\/\/gruppofarms.com\/fr\/wp-json\/wp\/v2\/pages\/1360","targetHints":{"allow":["GET"]}}],"collection":[{"href":"https:\/\/gruppofarms.com\/fr\/wp-json\/wp\/v2\/pages"}],"about":[{"href":"https:\/\/gruppofarms.com\/fr\/wp-json\/wp\/v2\/types\/page"}],"author":[{"embeddable":true,"href":"https:\/\/gruppofarms.com\/fr\/wp-json\/wp\/v2\/users\/1"}],"replies":[{"embeddable":true,"href":"https:\/\/gruppofarms.com\/fr\/wp-json\/wp\/v2\/comments?post=1360"}],"version-history":[{"count":0,"href":"https:\/\/gruppofarms.com\/fr\/wp-json\/wp\/v2\/pages\/1360\/revisions"}],"wp:attachment":[{"href":"https:\/\/gruppofarms.com\/fr\/wp-json\/wp\/v2\/media?parent=1360"}],"curies":[{"name":"wp","href":"https:\/\/api.w.org\/{rel}","templated":true}]}}