{"id":1362,"date":"2025-06-12T13:41:50","date_gmt":"2025-06-12T10:41:50","guid":{"rendered":"https:\/\/gruppofarms.com\/?page_id=1362"},"modified":"2025-06-30T06:55:01","modified_gmt":"2025-06-30T03:55:01","slug":"datenschutzbestimmungen","status":"publish","type":"page","link":"https:\/\/gruppofarms.com\/de\/%cf%80%ce%bf%ce%bb%ce%b9%cf%84%ce%b9%ce%ba%ce%ae-%ce%b1%cf%80%ce%bf%cf%81%cf%81%ce%ae%cf%84%ce%bf%cf%85\/","title":{"rendered":"Datenschutzbestimmungen"},"content":{"rendered":"<section class=\"wp-block-greenshift-blocks-row alignfull gspb_row gspb_row-id-gsbp-bff27b4\" id=\"gspb_row-id-gsbp-bff27b4\"><div class=\"gspb_row__content\"> \n<div class=\"wp-block-greenshift-blocks-row-column gspb_row__col--12 gspb_col-id-gsbp-66927e7\" id=\"gspb_col-id-gsbp-66927e7\">\n<h1 id=\"gspb_heading-id-gsbp-de38cd1\" class=\"gspb_heading gspb_heading-id-gsbp-de38cd1\">Datenschutzbestimmungen<\/h1>\n<\/div>\n <\/div><\/section>\n\n\n\n<div class=\"wp-block-greenshift-blocks-row gspb_row gspb_row-id-gsbp-ed2de36\" id=\"gspb_row-id-gsbp-ed2de36\"><div class=\"gspb_row__content\"> \n<div class=\"wp-block-greenshift-blocks-row-column gspb_row__col--12 gspb_col-id-gsbp-2984a01\" id=\"gspb_col-id-gsbp-2984a01\">\n<p class=\"has-palette-color-4-color has-text-color has-link-color wp-elements-566ba4f31da7030562d1a5c3d6d2e3f3\">Der Schutz Ihrer pers\u00f6nlichen Daten ist f\u00fcr uns, GRUPPOFARMS I.K.E., eine grundlegende Priorit\u00e4t und ein integraler Bestandteil unserer Betriebsphilosophie. In dieser Datenschutzerkl\u00e4rung wird beschrieben, wie wir die personenbezogenen Daten der Besucher und Nutzer unserer Website in \u00dcbereinstimmung mit der Allgemeinen Datenschutzverordnung (EU) 2016\/679 (GDPR) und der einschl\u00e4gigen griechischen Gesetzgebung erfassen, verwenden, verarbeiten und sch\u00fctzen. Indem Sie auf unsere Website zugreifen und sie nutzen, erkl\u00e4ren Sie, dass Sie diese Datenschutzrichtlinie sowie alle relevanten Aktualisierungen, die in Zukunft vorgenommen werden, gelesen, verstanden und bedingungslos akzeptiert haben.<\/p>\n\n\n\n<p class=\"has-palette-color-4-color has-text-color has-link-color wp-elements-72ef3d1dc72d8eb0aec5838f02cb56ae\">Verantwortlich f\u00fcr die Verarbeitung personenbezogener Daten ist GRUPPOFARMS I.K.E. mit Sitz in Griechenland, Umsatzsteuernummer 802833763, Finanzamt Kastoria, Kontakttelefonnummer 6939509967. Wir sind f\u00fcr die Erhebung, Speicherung, Verwaltung und Verarbeitung der Daten verantwortlich, die Sie uns zur Verf\u00fcgung stellen oder die automatisch erhoben werden, wenn Sie unsere Website besuchen.<\/p>\n\n\n\n<p class=\"has-palette-color-4-color has-text-color has-link-color wp-elements-436c47bfd531e21c052cb81feafbece4\">Beim Besuch und\/oder der Nutzung unserer Website k\u00f6nnen verschiedene Arten von personenbezogenen Daten erhoben werden. Dazu geh\u00f6ren Daten, die Sie uns freiwillig zur Verf\u00fcgung stellen, z. B. wenn Sie unser Kontaktformular ausf\u00fcllen oder Newsletter abonnieren, sowie automatisch erfasste Daten wie Ihre IP-Adresse, der Typ und die Einstellungen Ihres Ger\u00e4ts oder Browsers, die von Ihnen besuchten Seiten, das Datum und die Uhrzeit Ihres Zugriffs und Informationen dar\u00fcber, wie Sie mit unserer Website interagieren. Diese Daten helfen uns, besser zu verstehen, wie Sie die Website nutzen, und unsere Dienste und Inhalte kontinuierlich zu verbessern.<\/p>\n\n\n\n<p class=\"has-palette-color-4-color has-text-color has-link-color wp-elements-3122f455dd2506b71333b0638135d1ae\">Um die oben genannten Zwecke zu erreichen, verwenden wir Cookies und verwandte Technologien. Cookies sind kleine Textdateien, die auf Ihrem Ger\u00e4t gespeichert werden, wenn Sie unsere Website besuchen. Wir verwenden essentielle Cookies f\u00fcr den technischen Betrieb der Website, statistische Cookies, um anonyme Informationen \u00fcber die Nutzung der Website zu sammeln, und Einstellungs-Cookies, die Ihre Pr\u00e4ferenzen (wie die Anzeigesprache) speichern. Statistische Cookies werden von Drittanbietern wie Google Analytics und Microsoft Clarity gesammelt und verarbeitet. Die mit Hilfe von Cookies gesammelten Daten sind anonym und lassen keine R\u00fcckschl\u00fcsse auf den Besucher zu, erm\u00f6glichen es uns aber, Nutzungstrends zu analysieren, potenzielle St\u00f6rungen zu erkennen und das Surferlebnis insgesamt zu verbessern.<\/p>\n\n\n\n<p class=\"has-palette-color-4-color has-text-color has-link-color wp-elements-d15da839a8490562739ef421a598608a\">Google Analytics ist ein Dienst zur Analyse des Internetverkehrs, der von Google LLC bereitgestellt wird. \u00dcber Google Analytics werden Informationen wie die IP-Adresse (die anonymisiert wird), der Ger\u00e4te- und Browsertyp, die vom Nutzer besuchten Seiten, die Verweildauer, Klicks und andere Interaktionen mit der Website erfasst. Diese Daten werden auf Google-Servern innerhalb oder au\u00dferhalb der Europ\u00e4ischen Union gespeichert, jedoch immer in \u00dcbereinstimmung mit der GDPR und in \u00dcbereinstimmung mit den von uns angewandten Vorschriften. Die von Google Analytics erfassten Daten werden weder \u00fcbermittelt noch mit den auf der Website eingegebenen pers\u00f6nlichen Nutzerdaten in Verbindung gebracht, noch werden sie zur direkten Identifizierung oder Profilerstellung verwendet.<\/p>\n\n\n\n<p class=\"has-palette-color-4-color has-text-color has-link-color wp-elements-1e67cebf421f40683d940c9f2a324c1f\">Microsoft Clarity erfasst und analysiert anonym das Nutzungsverhalten, wie z.B. Mausbewegungen, Klicks, Scrollen und andere Website-Interaktionen, um die Benutzerfreundlichkeit, Funktionalit\u00e4t und Effektivit\u00e4t unserer Seiten zu verbessern. Auch diese Daten werden anonym erfasst und ausschlie\u00dflich zu Analyse- und Serviceverbesserungszwecken verwendet, ohne dass eine Identifizierung bestimmter Personen m\u00f6glich ist.<\/p>\n\n\n\n<p class=\"has-palette-color-4-color has-text-color has-link-color wp-elements-e1e06eaa343782a99649f6828b77733b\">Sie k\u00f6nnen Ihren Browser so einstellen, dass er Cookies akzeptiert, ablehnt oder Sie benachrichtigt, wenn ein Cookie auf Ihrem Ger\u00e4t gespeichert werden soll. Wenn Sie sich daf\u00fcr entscheiden, einige oder alle Cookies zu deaktivieren, k\u00f6nnen Sie m\u00f6glicherweise bestimmte Funktionen unserer Website nicht in vollem Umfang nutzen und Ihr Surferlebnis kann sich \u00e4ndern.<\/p>\n\n\n\n<p class=\"has-palette-color-4-color has-text-color has-link-color wp-elements-dba2b238bd19dc439b9e48b2472777f0\">Die personenbezogenen Daten, die Sie uns zur Verf\u00fcgung stellen oder die \u00fcber die oben genannten Mechanismen erhoben werden, werden ausschlie\u00dflich f\u00fcr die Zwecke verwendet, f\u00fcr die sie erhoben wurden, und werden nicht an Dritte weitergegeben, es sei denn, dies ist gesetzlich vorgeschrieben oder zum Schutz der berechtigten Interessen unseres Unternehmens erforderlich. Insbesondere verwenden wir diese Daten, um auf Ihre Anfragen zu antworten, um die Dienstleistungen und Inhalte der Website zu verbessern, um die Einhaltung der gesetzlichen und beh\u00f6rdlichen Vorschriften zu gew\u00e4hrleisten und um die Rechte und die Sicherheit des Unternehmens, unserer Kunden und der \u00d6ffentlichkeit zu sch\u00fctzen.<\/p>\n\n\n\n<p class=\"has-palette-color-4-color has-text-color has-link-color wp-elements-b2a5fbb0daea1872d704f55ae85ba33c\">Die Sicherheit Ihrer Daten hat f\u00fcr uns h\u00f6chste Priorit\u00e4t. Wir haben geeignete technische und organisatorische Sicherheitsma\u00dfnahmen ergriffen, um den Verlust, den Missbrauch, den unbefugten Zugriff, die Offenlegung, die \u00c4nderung oder die Zerst\u00f6rung Ihrer personenbezogenen Daten zu verhindern. Dazu geh\u00f6ren Zugangsbeschr\u00e4nkungen, Verschl\u00fcsselung, regelm\u00e4\u00dfige Software-Updates und Verfahren zur Datenwiederherstellung. Au\u00dferdem schulen wir unsere Mitarbeiter regelm\u00e4\u00dfig in Fragen des Datenschutzes und der Informationssicherheit.<\/p>\n\n\n\n<p class=\"has-palette-color-4-color has-text-color has-link-color wp-elements-cba27f42aae3b9be747a916b8c0c366b\">Nach der Allgemeinen Datenschutzverordnung (DSGVO) haben Sie eine Reihe von Rechten in Bezug auf Ihre personenbezogenen Daten, die wir speichern und verarbeiten. Sie haben das Recht zu erfahren, welche Daten wir \u00fcber Sie speichern, deren Berichtigung oder L\u00f6schung zu verlangen, die Verarbeitung einzuschr\u00e4nken oder ihr zu widersprechen und die \u00dcbermittlung Ihrer Daten an einen anderen f\u00fcr die Verarbeitung Verantwortlichen zu verlangen (Portabilit\u00e4t). Wenn Sie in die Erhebung und Verwendung von Daten eingewilligt haben, haben Sie das Recht, Ihre Einwilligung jederzeit zu widerrufen, ohne dass die Rechtm\u00e4\u00dfigkeit der auf der Einwilligung beruhenden Verarbeitung vor deren Widerruf ber\u00fchrt wird. Um Ihre Rechte auszu\u00fcben, brauchen Sie sich nur per E-Mail an uns zu wenden <a>info@gruppofarms.gr<\/a> oder die Kontakttelefonnummer, die Sie auf der Seite \"Kontakt\" finden. Wir k\u00f6nnen Sie auffordern, Ihre Identit\u00e4t nachzuweisen, um die Sicherheit Ihrer Daten zu gew\u00e4hrleisten.<\/p>\n\n\n\n<p class=\"has-palette-color-4-color has-text-color has-link-color wp-elements-550e3a7be5b2a30635e57967110ad1e0\">Personenbezogene Daten werden nur so lange aufbewahrt, wie es f\u00fcr die Zwecke, f\u00fcr die sie erhoben wurden, erforderlich ist und\/oder wie es die einschl\u00e4gigen Rechtsvorschriften vorschreiben. Nach Ablauf der erforderlichen Aufbewahrungsfrist werden die Daten sicher gel\u00f6scht oder anonymisiert.<\/p>\n\n\n\n<p class=\"has-palette-color-4-color has-text-color has-link-color wp-elements-40722398096dee30b6d5e7a82f1f4681\">Unser Unternehmen beh\u00e4lt sich das Recht vor, diese Datenschutzrichtlinie jederzeit zu \u00fcberpr\u00fcfen, zu \u00e4ndern oder zu aktualisieren, um \u00c4nderungen in der einschl\u00e4gigen Gesetzgebung oder bei den von uns angebotenen Dienstleistungen zu ber\u00fccksichtigen. \u00c4nderungen treten mit der Ver\u00f6ffentlichung auf dieser Seite in Kraft. Wir empfehlen Ihnen daher, diese Datenschutzrichtlinie regelm\u00e4\u00dfig auf Aktualisierungen oder \u00c4nderungen zu \u00fcberpr\u00fcfen. Wenn Sie die Website nach einer solchen \u00c4nderung weiter nutzen, erkl\u00e4ren Sie sich mit der \u00fcberarbeiteten Richtlinie einverstanden.<\/p>\n\n\n\n<p class=\"has-palette-color-4-color has-text-color has-link-color wp-elements-856cb6d863f3bf10d6e35db7b7e01265\">Wenn Sie Fragen, Unklarheiten oder W\u00fcnsche in Bezug auf diese Datenschutzrichtlinie oder die Art und Weise, wie wir Ihre pers\u00f6nlichen Daten behandeln, haben, k\u00f6nnen Sie unseren Datenschutzbeauftragten \u00fcber die folgende E-Mail-Adresse kontaktieren <a>info@gruppofarms.gr<\/a> oder per Telefon unter 6939509967. Wenn Sie der Meinung sind, dass die Verarbeitung Ihrer personenbezogenen Daten gegen den geltenden Rechtsrahmen verst\u00f6\u00dft, haben Sie das Recht, eine Beschwerde bei der Datenschutzbeh\u00f6rde einzureichen (<a class=\"\" href=\"http:\/\/www.dpa.gr\" target=\"_blank\" rel=\"noopener\">www.dpa.gr<\/a>).<\/p>\n\n\n\n<p class=\"has-palette-color-4-color has-text-color has-link-color wp-elements-1f837d7dd4d9162f4773c05af81fe3c8\">Die Nutzung der Website setzt die Zustimmung zu dieser Datenschutzerkl\u00e4rung in ihrer jeweils g\u00fcltigen Fassung voraus. Unser Ziel ist es, ein H\u00f6chstma\u00df an Sicherheit und Transparenz bei der Verwaltung Ihrer Daten zu gew\u00e4hrleisten und dabei stets mit Respekt gegen\u00fcber unseren Besuchern, Kunden und Partnern zu handeln. Wir stehen Ihnen zur Verf\u00fcgung, wenn Sie Fragen oder W\u00fcnsche in Bezug auf Ihre Daten haben, und sorgen f\u00fcr die rasche und wirksame Durchsetzung Ihrer Rechte im Rahmen des Gesetzes.<\/p>\n<\/div>\n <\/div><\/div>","protected":false},"excerpt":{"rendered":"","protected":false},"author":1,"featured_media":0,"parent":0,"menu_order":0,"comment_status":"closed","ping_status":"closed","template":"","meta":{"_gspb_post_css":"#gspb_row-id-gsbp-bff27b4{justify-content:space-between;margin-bottom:0;display:flex;flex-wrap:wrap;margin-top:-60px;min-height:342px;background-color:var(--wp--preset--color--palette-color-4, var(--theme-palette-color-4, #080C0E))}#gspb_row-id-gsbp-bff27b4>.gspb_row__content{display:flex;justify-content:space-between;margin:0 auto;width:100%;flex-wrap:wrap}.gspb_row{position:relative}div[id^=gspb_col-id]{box-sizing:border-box;position:relative;padding:var(--gs-row-column-padding, 15px min(3vw, 20px))}#gspb_col-id-gsbp-66927e7.gspb_row__col--12{width:100%}@media (max-width:575.98px){#gspb_col-id-gsbp-66927e7.gspb_row__col--12{width:100%}}body #gspb_col-id-gsbp-66927e7.gspb_row__col--12{display:flex;flex-direction:column;justify-content:center}#gspb_heading-id-gsbp-de38cd1,#gspb_heading-id-gsbp-de38cd1 .gsap-g-line{text-align:center!important}#gspb_heading-id-gsbp-de38cd1{color:var(--wp--preset--color--palette-color-5, var(--theme-palette-color-5, #e1e8ed))}#gspb_row-id-gsbp-ed2de36{justify-content:space-between;display:flex;flex-wrap:wrap;margin-top:80px;margin-bottom:80px}#gspb_row-id-gsbp-ed2de36>.gspb_row__content{display:flex;justify-content:space-between;margin:0 auto;width:100%;flex-wrap:wrap}body.gspb-bodyfront #gspb_row-id-gsbp-bff27b4>.gspb_row__content,body.gspb-bodyfront #gspb_row-id-gsbp-ed2de36>.gspb_row__content{width:var(--theme-container-width, 1200px);max-width:var(--theme-normal-container-max-width, 1200px)}#gspb_col-id-gsbp-2984a01.gspb_row__col--12{width:100%}@media (max-width:575.98px){#gspb_col-id-gsbp-2984a01.gspb_row__col--12{width:100%}}","footnotes":""},"class_list":["post-1362","page","type-page","status-publish","hentry"],"blocksy_meta":[],"_links":{"self":[{"href":"https:\/\/gruppofarms.com\/de\/wp-json\/wp\/v2\/pages\/1362","targetHints":{"allow":["GET"]}}],"collection":[{"href":"https:\/\/gruppofarms.com\/de\/wp-json\/wp\/v2\/pages"}],"about":[{"href":"https:\/\/gruppofarms.com\/de\/wp-json\/wp\/v2\/types\/page"}],"author":[{"embeddable":true,"href":"https:\/\/gruppofarms.com\/de\/wp-json\/wp\/v2\/users\/1"}],"replies":[{"embeddable":true,"href":"https:\/\/gruppofarms.com\/de\/wp-json\/wp\/v2\/comments?post=1362"}],"version-history":[{"count":0,"href":"https:\/\/gruppofarms.com\/de\/wp-json\/wp\/v2\/pages\/1362\/revisions"}],"wp:attachment":[{"href":"https:\/\/gruppofarms.com\/de\/wp-json\/wp\/v2\/media?parent=1362"}],"curies":[{"name":"wp","href":"https:\/\/api.w.org\/{rel}","templated":true}]}}